{"id":56,"date":"2022-12-13T16:56:58","date_gmt":"2022-12-13T16:56:58","guid":{"rendered":"http:\/\/winegarden.com.hr\/?page_id=56"},"modified":"2022-12-13T16:57:31","modified_gmt":"2022-12-13T16:57:31","slug":"vina-likeri-fiolic","status":"publish","type":"page","link":"https:\/\/winegarden.com.hr\/en\/vina-likeri-fiolic\/","title":{"rendered":"Vina Likeri Fioli\u0107"},"content":{"rendered":"<p>\u201cObitelj Fioli\u0107 iz Zadra u Hrvatskoj po\u010dela je svoju proizvodnju vina 2006. godine najprije \u201eeksperimentiraju\u0107i\u201c u svom skromnom i simpati\u010dnom podrumu obiteljske ku\u0107e. U po\u010detku su to bile male koli\u010dine vina isklju\u010divo za osobne potrebe. Entuzijazam, \u017eelja i ljubav prema vinarstvu, zatim veliki uspjeh na razli\u010ditim natjecanjima za izvrsnost kakvo\u0107e dovela ih je do toga [\u2026]<\/p>\n","protected":false},"excerpt":{"rendered":"<p>\u201cObitelj Fioli\u0107 iz Zadra u Hrvatskoj po\u010dela je svoju proizvodnju vina 2006. godine najprije \u201eeksperimentiraju\u0107i\u201c u svom skromnom i simpati\u010dnom podrumu obiteljske ku\u0107e. U po\u010detku su to bile male koli\u010dine vina isklju\u010divo za osobne potrebe. Entuzijazam, \u017eelja i ljubav prema vinarstvu, zatim veliki uspjeh na razli\u010ditim natjecanjima za izvrsnost kakvo\u0107e dovela ih je do toga [&hellip;]<\/p>\n","protected":false},"author":1,"featured_media":57,"parent":0,"menu_order":0,"comment_status":"closed","ping_status":"closed","template":"","meta":{"footnotes":""},"class_list":["post-56","page","type-page","status-publish","has-post-thumbnail","hentry"],"translation":{"provider":"WPGlobus","version":"3.0.2","language":"en","enabled_languages":["hr","en"],"languages":{"hr":{"title":true,"content":true,"excerpt":false},"en":{"title":false,"content":false,"excerpt":false}}},"_links":{"self":[{"href":"https:\/\/winegarden.com.hr\/en\/wp-json\/wp\/v2\/pages\/56","targetHints":{"allow":["GET"]}}],"collection":[{"href":"https:\/\/winegarden.com.hr\/en\/wp-json\/wp\/v2\/pages"}],"about":[{"href":"https:\/\/winegarden.com.hr\/en\/wp-json\/wp\/v2\/types\/page"}],"author":[{"embeddable":true,"href":"https:\/\/winegarden.com.hr\/en\/wp-json\/wp\/v2\/users\/1"}],"replies":[{"embeddable":true,"href":"https:\/\/winegarden.com.hr\/en\/wp-json\/wp\/v2\/comments?post=56"}],"version-history":[{"count":2,"href":"https:\/\/winegarden.com.hr\/en\/wp-json\/wp\/v2\/pages\/56\/revisions"}],"predecessor-version":[{"id":60,"href":"https:\/\/winegarden.com.hr\/en\/wp-json\/wp\/v2\/pages\/56\/revisions\/60"}],"wp:featuredmedia":[{"embeddable":true,"href":"https:\/\/winegarden.com.hr\/en\/wp-json\/wp\/v2\/media\/57"}],"wp:attachment":[{"href":"https:\/\/winegarden.com.hr\/en\/wp-json\/wp\/v2\/media?parent=56"}],"curies":[{"name":"wp","href":"https:\/\/api.w.org\/{rel}","templated":true}]}}